{"id":5707,"date":"2015-02-19T09:48:19","date_gmt":"2015-02-19T09:48:19","guid":{"rendered":"http:\/\/demo2.wpresidence.net\/?page_id=5707"},"modified":"2025-02-03T21:18:22","modified_gmt":"2025-02-03T21:18:22","slug":"kontakt","status":"publish","type":"page","link":"https:\/\/calabriahome.pl\/index.php\/kontakt\/","title":{"rendered":"Kontakt"},"content":{"rendered":"\t\t<div data-elementor-type=\"wp-page\" data-elementor-id=\"5707\" class=\"elementor elementor-5707\">\n\t\t\t\t<div class=\"elementor-element elementor-element-791d384a e-flex e-con-boxed e-con e-parent\" data-id=\"791d384a\" data-element_type=\"container\">\n\t\t\t\t\t<div class=\"e-con-inner\">\n\t\t\t\t<div class=\"elementor-element elementor-element-5603fb80 elementor-widget elementor-widget-text-editor\" data-id=\"5603fb80\" data-element_type=\"widget\" data-widget_type=\"text-editor.default\">\n\t\t\t\t<div class=\"elementor-widget-container\">\n\t\t\t\t\t\t\t<p>Calabria Home \u2013 Twoje marzenia, nasza misja<\/p><p>Calabria Home to biuro nieruchomo\u015bci, kt\u00f3re z pasj\u0105 i zaanga\u017cowaniem pomaga spe\u0142nia\u0107 marzenia o w\u0142asnym domu w Polsce i s\u0142onecznej Kalabrii. Oferujemy kompleksow\u0105 obs\u0142ug\u0119, dbaj\u0105c o ka\u017cdy etap transakcji \u2013 od pierwszej prezentacji a\u017c po przekazanie kluczy.<\/p><p>Skontaktuj si\u0119 z nami i znajd\u017a swoj\u0105 wymarzon\u0105 nieruchomo\u015b\u0107!<\/p>\t\t\t\t\t\t<\/div>\n\t\t\t\t<\/div>\n\t\t\t\t\t<\/div>\n\t\t\t\t<\/div>\n\t\t\t\t<\/div>\n\t\t","protected":false},"excerpt":{"rendered":"<p>Calabria Home \u2013 Twoje marzenia, nasza misja Calabria Home to biuro nieruchomo\u015bci, kt\u00f3re z pasj\u0105 i zaanga\u017cowaniem pomaga spe\u0142nia\u0107 marzenia o w\u0142asnym domu w Polsce i s\u0142onecznej Kalabrii. Oferujemy kompleksow\u0105 obs\u0142ug\u0119, dbaj\u0105c o ka\u017cdy etap transakcji \u2013 od pierwszej prezentacji a\u017c po przekazanie kluczy. Skontaktuj si\u0119 z nami i znajd\u017a swoj\u0105 wymarzon\u0105 nieruchomo\u015b\u0107!<\/p>\n","protected":false},"author":1,"featured_media":0,"parent":0,"menu_order":0,"comment_status":"open","ping_status":"open","template":"page-templates\/contact_page.php","meta":{"inline_featured_image":false,"footnotes":""},"class_list":["post-5707","page","type-page","status-publish","hentry"],"_links":{"self":[{"href":"https:\/\/calabriahome.pl\/index.php\/wp-json\/wp\/v2\/pages\/5707","targetHints":{"allow":["GET"]}}],"collection":[{"href":"https:\/\/calabriahome.pl\/index.php\/wp-json\/wp\/v2\/pages"}],"about":[{"href":"https:\/\/calabriahome.pl\/index.php\/wp-json\/wp\/v2\/types\/page"}],"author":[{"embeddable":true,"href":"https:\/\/calabriahome.pl\/index.php\/wp-json\/wp\/v2\/users\/1"}],"replies":[{"embeddable":true,"href":"https:\/\/calabriahome.pl\/index.php\/wp-json\/wp\/v2\/comments?post=5707"}],"version-history":[{"count":4,"href":"https:\/\/calabriahome.pl\/index.php\/wp-json\/wp\/v2\/pages\/5707\/revisions"}],"predecessor-version":[{"id":19005,"href":"https:\/\/calabriahome.pl\/index.php\/wp-json\/wp\/v2\/pages\/5707\/revisions\/19005"}],"wp:attachment":[{"href":"https:\/\/calabriahome.pl\/index.php\/wp-json\/wp\/v2\/media?parent=5707"}],"curies":[{"name":"wp","href":"https:\/\/api.w.org\/{rel}","templated":true}]}}