{"id":19365,"date":"2025-02-15T10:01:32","date_gmt":"2025-02-15T10:01:32","guid":{"rendered":"https:\/\/calabriahome.pl\/?page_id=19365"},"modified":"2025-02-19T15:39:02","modified_gmt":"2025-02-19T15:39:02","slug":"agenci","status":"publish","type":"page","link":"https:\/\/calabriahome.pl\/index.php\/agenci\/","title":{"rendered":"Nasi agenci"},"content":{"rendered":"\t\t<div data-elementor-type=\"wp-page\" data-elementor-id=\"19365\" class=\"elementor elementor-19365\">\n\t\t\t\t<div class=\"elementor-element elementor-element-f9f2902 e-flex e-con-boxed e-con e-parent\" data-id=\"f9f2902\" data-element_type=\"container\">\n\t\t\t\t\t<div class=\"e-con-inner\">\n\t\t\t\t<div class=\"elementor-element elementor-element-f8aa837 elementor-widget elementor-widget-text-editor\" data-id=\"f8aa837\" data-element_type=\"widget\" data-widget_type=\"text-editor.default\">\n\t\t\t\t<div class=\"elementor-widget-container\">\n\t\t\t\t\t\t\t<p class=\"p1\">Nasi agenci to do\u015bwiadczeni specjali\u015bci, kt\u00f3rzy pomagaj\u0105 w sprzeda\u017cy, kupnie oraz wynajmie nieruchomo\u015bci, zapewniaj\u0105c kompleksowe wsparcie na ka\u017cdym etapie transakcji. Dzi\u0119ki swojej wiedzy rynkowej i umiej\u0119tno\u015bciom negocjacyjnym, s\u0105 w stanie dopasowa\u0107 oferty do indywidualnych potrzeb klient\u00f3w, dbaj\u0105c o ich bezpiecze\u0144stwo oraz komfort. Wsp\u00f3\u0142praca z naszymi agentami to gwarancja profesjonalnego doradztwa, oszcz\u0119dno\u015bci czasu oraz dost\u0119pu do szerokiej bazy nieruchomo\u015bci, cz\u0119sto niedost\u0119pnych na og\u00f3lnodost\u0119pnych portalach.<\/p><p class=\"p1\">Nasi agenci to nie tylko eksperci w dziedzinie nieruchomo\u015bci, ale tak\u017ce doradcy, kt\u00f3rzy pomagaj\u0105 przej\u015b\u0107 przez wszystkie formalno\u015bci zwi\u0105zane z transakcj\u0105. Dbaj\u0105 o szczeg\u00f3\u0142y prawne, organizuj\u0105 prezentacje nieruchomo\u015bci<br \/>i wspieraj\u0105 klient\u00f3w w negocjacjach, aby osi\u0105gn\u0105\u0107 najlepsze warunki umowy. Dzi\u0119ki indywidualnemu podej\u015bciu oraz zaanga\u017cowaniu, wsp\u00f3\u0142praca z naszymi agentami to pewno\u015b\u0107, \u017ce ka\u017cda decyzja jest dobrze przemy\u015blana i oparta<br \/>na rzetelnych informacjach.<\/p>\t\t\t\t\t\t<\/div>\n\t\t\t\t<\/div>\n\t\t\t\t<div class=\"elementor-element elementor-element-32ee964 elementor-widget__width-inherit elementor-widget elementor-widget-WpResidence_List_Agents\" data-id=\"32ee964\" data-element_type=\"widget\" data-widget_type=\"WpResidence_List_Agents.default\">\n\t\t\t\t<div class=\"elementor-widget-container\">\n\t\t\t<div class=\"wpresidence_shortcode_listings_wrapper bottom-estate_agent nobutton items_shortcode_wrapper_grid\"><div class=\"items_shortcode_wrapper_grid\"><div class=\"shortcode_wrapper_grid_item\">\n<div class=\"wpresidence_agent_unit_wrapper  listing_wrapper   \">         \n    <div class=\"agent_unit\" data-link=\"https:\/\/calabriahome.pl\/index.php\/agents\/grzegorz_sciebura\/\">\n        <div class=\"agent-unit-img-wrapper\">\n            <img fetchpriority=\"high\" decoding=\"async\" width=\"525\" height=\"328\" src=\"https:\/\/calabriahome.pl\/wp-content\/uploads\/2014\/05\/dzban_1600x800-525x328.jpg\" class=\"lazyload img-responsive wp-post-image\" alt=\"\" \/>        <\/div>    \n\n        <h4><a href=\"https:\/\/calabriahome.pl\/index.php\/agents\/grzegorz_sciebura\/\">Grzegorz \u015aciebura<\/a><\/h4><div class=\"agent_position\">W\u0142a\u015bciciel firmy<\/div><div class=\"agent_card_content\">Nazywam si\u0119 Grzegorz, a moja przygoda z nieruchomo\u015bciami rozpocz\u0119\u0142a si\u0119 wiele lat temu w P <a href=\"https:\/\/calabriahome.pl\/index.php\/agents\/grzegorz_sciebura\/\" class=\"unit_more_x\">...<\/a><\/div>\n        <div class=\"agent_unit_social agent_list\">\n            <div class=\"wpestate_agent_unit_social\"><a class=\"\" href=\"https:\/\/www.facebook.com\/share\/1Bfr6EgLZu\/?mibextid=wwXIfr\" target=\"_blank\"  rel=\"noopener\" ><i class=\"fab fa-facebook-f\"><\/i><\/a><\/div><div class=\"agent_unit_phone\"><a href=\"tel:+48512134457\" rel=\"noopener\"><i class=\"fas fa-phone\"><\/i><\/a><\/div><div class=\"agent_unit_email\"><a href=\"mailto:biuro@calabriahome.pl\" rel=\"noopener\"><i class=\"fas fa-envelope\"><\/i><\/a><\/div>        <\/div>\n    <\/div>\n<\/div><\/div><\/div><\/div>\t\t<\/div>\n\t\t\t\t<\/div>\n\t\t\t\t\t<\/div>\n\t\t\t\t<\/div>\n\t\t\t\t<\/div>\n\t\t","protected":false},"excerpt":{"rendered":"<p>Nasi agenci to do\u015bwiadczeni specjali\u015bci, kt\u00f3rzy pomagaj\u0105 w sprzeda\u017cy, kupnie oraz wynajmie nieruchomo\u015bci, zapewniaj\u0105c kompleksowe wsparcie na ka\u017cdym etapie transakcji. Dzi\u0119ki swojej wiedzy rynkowej i umiej\u0119tno\u015bciom negocjacyjnym, s\u0105 w stanie dopasowa\u0107 oferty do indywidualnych potrzeb klient\u00f3w, dbaj\u0105c o ich bezpiecze\u0144stwo oraz komfort. Wsp\u00f3\u0142praca z naszymi agentami to gwarancja profesjonalnego doradztwa, oszcz\u0119dno\u015bci czasu oraz dost\u0119pu do szerokiej bazy nieruchomo\u015bci, cz\u0119sto niedost\u0119pnych na og\u00f3lnodost\u0119pnych portalach. Nasi &#8230;<\/p>\n","protected":false},"author":1,"featured_media":0,"parent":0,"menu_order":0,"comment_status":"closed","ping_status":"closed","template":"","meta":{"inline_featured_image":false,"footnotes":""},"class_list":["post-19365","page","type-page","status-publish","hentry"],"_links":{"self":[{"href":"https:\/\/calabriahome.pl\/index.php\/wp-json\/wp\/v2\/pages\/19365","targetHints":{"allow":["GET"]}}],"collection":[{"href":"https:\/\/calabriahome.pl\/index.php\/wp-json\/wp\/v2\/pages"}],"about":[{"href":"https:\/\/calabriahome.pl\/index.php\/wp-json\/wp\/v2\/types\/page"}],"author":[{"embeddable":true,"href":"https:\/\/calabriahome.pl\/index.php\/wp-json\/wp\/v2\/users\/1"}],"replies":[{"embeddable":true,"href":"https:\/\/calabriahome.pl\/index.php\/wp-json\/wp\/v2\/comments?post=19365"}],"version-history":[{"count":17,"href":"https:\/\/calabriahome.pl\/index.php\/wp-json\/wp\/v2\/pages\/19365\/revisions"}],"predecessor-version":[{"id":19626,"href":"https:\/\/calabriahome.pl\/index.php\/wp-json\/wp\/v2\/pages\/19365\/revisions\/19626"}],"wp:attachment":[{"href":"https:\/\/calabriahome.pl\/index.php\/wp-json\/wp\/v2\/media?parent=19365"}],"curies":[{"name":"wp","href":"https:\/\/api.w.org\/{rel}","templated":true}]}}